{"id":958,"date":"2026-02-18T18:13:12","date_gmt":"2026-02-18T17:13:12","guid":{"rendered":"https:\/\/printbumble.com\/?post_type=product&#038;p=958"},"modified":"2026-03-18T10:12:38","modified_gmt":"2026-03-18T09:12:38","slug":"keyrambit","status":"publish","type":"product","link":"https:\/\/printbumble.com\/?product=keyrambit","title":{"rendered":"Keyrambit"},"content":{"rendered":"<p>Stylowy keyrambit w kszta\u0142cie skrzyd\u0142a w intensywnym \u017c\u00f3\u0142tym kolorze \ud83d\udc9b z metalowym \u0142o\u017cyskiem. Lekki, nowoczesny dodatek do kluczy lub plecaka, kt\u00f3ry przyci\u0105ga uwag\u0119 \u2728\ud83d\udd11.<\/p>\n<p>Wysoko\u015b\u0107: 0,5 cm<\/p>\n<p>D\u0142ugo\u015b\u0107: 9 cm<\/p>\n<p>Szeroko\u015b\u0107 w najszerszym punkcie: 3,5 cm<\/p>\n","protected":false},"excerpt":{"rendered":"<p>Stylowy keyrambit w kszta\u0142cie skrzyd\u0142a w intensywnym \u017c\u00f3\u0142tym kolorze \ud83d\udc9b z metalowym \u0142o\u017cyskiem. Lekki, nowoczesny dodatek do kluczy lub plecaka, [&hellip;]<\/p>\n","protected":false},"featured_media":959,"comment_status":"open","ping_status":"closed","template":"","meta":{"site-sidebar-layout":"default","site-content-layout":"","ast-site-content-layout":"default","site-content-style":"default","site-sidebar-style":"default","ast-global-header-display":"","ast-banner-title-visibility":"","ast-main-header-display":"","ast-hfb-above-header-display":"","ast-hfb-below-header-display":"","ast-hfb-mobile-header-display":"","site-post-title":"","ast-breadcrumbs-content":"","ast-featured-img":"","footer-sml-layout":"","ast-disable-related-posts":"","theme-transparent-header-meta":"default","adv-header-id-meta":"","stick-header-meta":"","header-above-stick-meta":"","header-main-stick-meta":"","header-below-stick-meta":"","astra-migrate-meta-layouts":"set","ast-page-background-enabled":"default","ast-page-background-meta":{"desktop":{"background-color":"var(--ast-global-color-5)","background-image":"","background-repeat":"repeat","background-position":"center center","background-size":"auto","background-attachment":"scroll","background-type":"","background-media":"","overlay-type":"","overlay-color":"","overlay-opacity":"","overlay-gradient":""},"tablet":{"background-color":"","background-image":"","background-repeat":"repeat","background-position":"center center","background-size":"auto","background-attachment":"scroll","background-type":"","background-media":"","overlay-type":"","overlay-color":"","overlay-opacity":"","overlay-gradient":""},"mobile":{"background-color":"","background-image":"","background-repeat":"repeat","background-position":"center center","background-size":"auto","background-attachment":"scroll","background-type":"","background-media":"","overlay-type":"","overlay-color":"","overlay-opacity":"","overlay-gradient":""}},"ast-content-background-meta":{"desktop":{"background-color":"var(--ast-global-color-4)","background-image":"","background-repeat":"repeat","background-position":"center center","background-size":"auto","background-attachment":"scroll","background-type":"","background-media":"","overlay-type":"","overlay-color":"","overlay-opacity":"","overlay-gradient":""},"tablet":{"background-color":"var(--ast-global-color-4)","background-image":"","background-repeat":"repeat","background-position":"center center","background-size":"auto","background-attachment":"scroll","background-type":"","background-media":"","overlay-type":"","overlay-color":"","overlay-opacity":"","overlay-gradient":""},"mobile":{"background-color":"var(--ast-global-color-4)","background-image":"","background-repeat":"repeat","background-position":"center center","background-size":"auto","background-attachment":"scroll","background-type":"","background-media":"","overlay-type":"","overlay-color":"","overlay-opacity":"","overlay-gradient":""}}},"product_brand":[],"product_cat":[30],"product_tag":[],"class_list":{"0":"post-958","1":"product","2":"type-product","3":"status-publish","4":"has-post-thumbnail","6":"product_cat-keyspinnery","7":"desktop-align-center","8":"tablet-align-left","9":"mobile-align-left","11":"first","12":"instock","13":"taxable","14":"shipping-taxable","15":"purchasable","16":"product-type-simple"},"jetpack_sharing_enabled":true,"_links":{"self":[{"href":"https:\/\/printbumble.com\/index.php?rest_route=\/wp\/v2\/product\/958","targetHints":{"allow":["GET"]}}],"collection":[{"href":"https:\/\/printbumble.com\/index.php?rest_route=\/wp\/v2\/product"}],"about":[{"href":"https:\/\/printbumble.com\/index.php?rest_route=\/wp\/v2\/types\/product"}],"replies":[{"embeddable":true,"href":"https:\/\/printbumble.com\/index.php?rest_route=%2Fwp%2Fv2%2Fcomments&post=958"}],"wp:featuredmedia":[{"embeddable":true,"href":"https:\/\/printbumble.com\/index.php?rest_route=\/wp\/v2\/media\/959"}],"wp:attachment":[{"href":"https:\/\/printbumble.com\/index.php?rest_route=%2Fwp%2Fv2%2Fmedia&parent=958"}],"wp:term":[{"taxonomy":"product_brand","embeddable":true,"href":"https:\/\/printbumble.com\/index.php?rest_route=%2Fwp%2Fv2%2Fproduct_brand&post=958"},{"taxonomy":"product_cat","embeddable":true,"href":"https:\/\/printbumble.com\/index.php?rest_route=%2Fwp%2Fv2%2Fproduct_cat&post=958"},{"taxonomy":"product_tag","embeddable":true,"href":"https:\/\/printbumble.com\/index.php?rest_route=%2Fwp%2Fv2%2Fproduct_tag&post=958"}],"curies":[{"name":"wp","href":"https:\/\/api.w.org\/{rel}","templated":true}]}}