{"id":869,"date":"2026-02-12T10:27:37","date_gmt":"2026-02-12T09:27:37","guid":{"rendered":"https:\/\/printbumble.com\/?post_type=product&#038;p=869"},"modified":"2026-03-18T09:46:41","modified_gmt":"2026-03-18T08:46:41","slug":"spiralny-stozek","status":"publish","type":"product","link":"https:\/\/printbumble.com\/?product=spiralny-stozek","title":{"rendered":"Spiralny sto\u017cek"},"content":{"rendered":"<p><strong class=\"Yjhzub\" data-complete=\"true\" data-processed=\"true\">Tw\u00f3j nowy spos\u00f3b na stres!<\/strong>\u00a0\ud83e\uddd8\u200d\u2642\ufe0f\ud83d\udd34\u26ab<br data-serialized-params=\"[]\" data-complete=\"true\" data-processed=\"true\" \/>Poczuj satysfakcj\u0119 z ka\u017cdym obrotem. Spiralny sto\u017cek to idealny fidget toy, kt\u00f3ry pomaga si\u0119 skupi\u0107 i wyciszy\u0107 w trakcie pracy lub nauki. \ud83e\udde0\ud83d\udca8<br data-serialized-params=\"[]\" data-complete=\"true\" data-processed=\"true\" \/>\ud83c\udf00 P\u0142ynny ruch<br data-serialized-params=\"[]\" data-complete=\"true\" data-processed=\"true\" \/>\ud83c\udf00 Satysfakcjonuj\u0105ca tekstura<br data-serialized-params=\"[]\" data-complete=\"true\" data-processed=\"true\" \/>\ud83c\udf00 Kompaktowy rozmiar \u2013 miej go zawsze przy sobie! \ud83c\udf92<\/p>\n<p>Wysoko\u015b\u0107: 6,5 cm<\/p>\n<p>D\u0142ugo\u015b\u0107: 5 cm<\/p>\n<p>Szeroko\u015b\u0107 w najszerszym punkcie: 5 cm<\/p>\n","protected":false},"excerpt":{"rendered":"<p>Tw\u00f3j nowy spos\u00f3b na stres!\u00a0\ud83e\uddd8\u200d\u2642\ufe0f\ud83d\udd34\u26abPoczuj satysfakcj\u0119 z ka\u017cdym obrotem. Spiralny sto\u017cek to idealny fidget toy, kt\u00f3ry pomaga si\u0119 skupi\u0107 i [&hellip;]<\/p>\n","protected":false},"featured_media":871,"comment_status":"open","ping_status":"closed","template":"","meta":{"site-sidebar-layout":"default","site-content-layout":"","ast-site-content-layout":"default","site-content-style":"default","site-sidebar-style":"default","ast-global-header-display":"","ast-banner-title-visibility":"","ast-main-header-display":"","ast-hfb-above-header-display":"","ast-hfb-below-header-display":"","ast-hfb-mobile-header-display":"","site-post-title":"","ast-breadcrumbs-content":"","ast-featured-img":"","footer-sml-layout":"","ast-disable-related-posts":"","theme-transparent-header-meta":"default","adv-header-id-meta":"","stick-header-meta":"","header-above-stick-meta":"","header-main-stick-meta":"","header-below-stick-meta":"","astra-migrate-meta-layouts":"set","ast-page-background-enabled":"default","ast-page-background-meta":{"desktop":{"background-color":"var(--ast-global-color-5)","background-image":"","background-repeat":"repeat","background-position":"center center","background-size":"auto","background-attachment":"scroll","background-type":"","background-media":"","overlay-type":"","overlay-color":"","overlay-opacity":"","overlay-gradient":""},"tablet":{"background-color":"","background-image":"","background-repeat":"repeat","background-position":"center center","background-size":"auto","background-attachment":"scroll","background-type":"","background-media":"","overlay-type":"","overlay-color":"","overlay-opacity":"","overlay-gradient":""},"mobile":{"background-color":"","background-image":"","background-repeat":"repeat","background-position":"center center","background-size":"auto","background-attachment":"scroll","background-type":"","background-media":"","overlay-type":"","overlay-color":"","overlay-opacity":"","overlay-gradient":""}},"ast-content-background-meta":{"desktop":{"background-color":"var(--ast-global-color-4)","background-image":"","background-repeat":"repeat","background-position":"center center","background-size":"auto","background-attachment":"scroll","background-type":"","background-media":"","overlay-type":"","overlay-color":"","overlay-opacity":"","overlay-gradient":""},"tablet":{"background-color":"var(--ast-global-color-4)","background-image":"","background-repeat":"repeat","background-position":"center center","background-size":"auto","background-attachment":"scroll","background-type":"","background-media":"","overlay-type":"","overlay-color":"","overlay-opacity":"","overlay-gradient":""},"mobile":{"background-color":"var(--ast-global-color-4)","background-image":"","background-repeat":"repeat","background-position":"center center","background-size":"auto","background-attachment":"scroll","background-type":"","background-media":"","overlay-type":"","overlay-color":"","overlay-opacity":"","overlay-gradient":""}}},"product_brand":[],"product_cat":[27],"product_tag":[],"class_list":{"0":"post-869","1":"product","2":"type-product","3":"status-publish","4":"has-post-thumbnail","6":"product_cat-figurki","7":"desktop-align-center","8":"tablet-align-left","9":"mobile-align-left","11":"first","12":"instock","13":"taxable","14":"shipping-taxable","15":"purchasable","16":"product-type-simple"},"jetpack_sharing_enabled":true,"_links":{"self":[{"href":"https:\/\/printbumble.com\/index.php?rest_route=\/wp\/v2\/product\/869","targetHints":{"allow":["GET"]}}],"collection":[{"href":"https:\/\/printbumble.com\/index.php?rest_route=\/wp\/v2\/product"}],"about":[{"href":"https:\/\/printbumble.com\/index.php?rest_route=\/wp\/v2\/types\/product"}],"replies":[{"embeddable":true,"href":"https:\/\/printbumble.com\/index.php?rest_route=%2Fwp%2Fv2%2Fcomments&post=869"}],"wp:featuredmedia":[{"embeddable":true,"href":"https:\/\/printbumble.com\/index.php?rest_route=\/wp\/v2\/media\/871"}],"wp:attachment":[{"href":"https:\/\/printbumble.com\/index.php?rest_route=%2Fwp%2Fv2%2Fmedia&parent=869"}],"wp:term":[{"taxonomy":"product_brand","embeddable":true,"href":"https:\/\/printbumble.com\/index.php?rest_route=%2Fwp%2Fv2%2Fproduct_brand&post=869"},{"taxonomy":"product_cat","embeddable":true,"href":"https:\/\/printbumble.com\/index.php?rest_route=%2Fwp%2Fv2%2Fproduct_cat&post=869"},{"taxonomy":"product_tag","embeddable":true,"href":"https:\/\/printbumble.com\/index.php?rest_route=%2Fwp%2Fv2%2Fproduct_tag&post=869"}],"curies":[{"name":"wp","href":"https:\/\/api.w.org\/{rel}","templated":true}]}}