{"id":841,"date":"2026-02-10T18:53:33","date_gmt":"2026-02-10T17:53:33","guid":{"rendered":"https:\/\/printbumble.com\/?post_type=product&#038;p=841"},"modified":"2026-03-18T09:54:03","modified_gmt":"2026-03-18T08:54:03","slug":"figurka-dinozaura-z-sercem","status":"publish","type":"product","link":"https:\/\/printbumble.com\/?product=figurka-dinozaura-z-sercem","title":{"rendered":"Figurka dinozaura z sercem"},"content":{"rendered":"<p data-start=\"67\" data-end=\"141\">\ud83e\udd96\u2764\ufe0f <strong data-start=\"72\" data-end=\"134\">Figurka Dinozaur z sercem \u2013 ruchoma<\/strong><\/p>\n<p data-start=\"143\" data-end=\"349\">Urocza i oryginalna <strong data-start=\"163\" data-end=\"203\">figurka dinozaura trzymaj\u0105cego serce<\/strong>, wykonana z ruchomych segment\u00f3w. Nietypowe po\u0142\u0105czenie zabawnego designu i symbolu mi\u0142o\u015bci sprawia, \u017ce to idealny gad\u017cet na prezent lub dekoracj\u0119.<\/p>\n<h3 data-start=\"351\" data-end=\"372\">\u2b50 Cechy produktu:<\/h3>\n<ul data-start=\"373\" data-end=\"529\">\n<li data-start=\"373\" data-end=\"410\">\n<p data-start=\"375\" data-end=\"410\"><strong data-start=\"375\" data-end=\"410\">ruchoma, segmentowa konstrukcja<\/strong><\/p>\n<\/li>\n<li data-start=\"411\" data-end=\"446\">\n<p data-start=\"413\" data-end=\"446\">unikalny motyw dinozaura z sercem<\/p>\n<\/li>\n<li data-start=\"447\" data-end=\"467\">\n<p data-start=\"449\" data-end=\"467\">staranne wykonanie<\/p>\n<\/li>\n<li data-start=\"468\" data-end=\"486\">\n<p data-start=\"470\" data-end=\"486\">lekka i por\u0119czna<\/p>\n<\/li>\n<li data-start=\"487\" data-end=\"508\">\n<p data-start=\"489\" data-end=\"508\">kolor: <strong data-start=\"496\" data-end=\"508\">czerwony<\/strong><\/p>\n<p>Wysoko\u015b\u0107: 7,5 cm<\/p>\n<p>D\u0142ugo\u015b\u0107: 11 cm<\/li>\n<\/ul>\n","protected":false},"excerpt":{"rendered":"<p>\ud83e\udd96\u2764\ufe0f Figurka Dinozaur z sercem \u2013 ruchoma Urocza i oryginalna figurka dinozaura trzymaj\u0105cego serce, wykonana z ruchomych segment\u00f3w. Nietypowe po\u0142\u0105czenie [&hellip;]<\/p>\n","protected":false},"featured_media":842,"comment_status":"open","ping_status":"closed","template":"","meta":{"site-sidebar-layout":"default","site-content-layout":"","ast-site-content-layout":"default","site-content-style":"default","site-sidebar-style":"default","ast-global-header-display":"","ast-banner-title-visibility":"","ast-main-header-display":"","ast-hfb-above-header-display":"","ast-hfb-below-header-display":"","ast-hfb-mobile-header-display":"","site-post-title":"","ast-breadcrumbs-content":"","ast-featured-img":"","footer-sml-layout":"","ast-disable-related-posts":"","theme-transparent-header-meta":"default","adv-header-id-meta":"","stick-header-meta":"","header-above-stick-meta":"","header-main-stick-meta":"","header-below-stick-meta":"","astra-migrate-meta-layouts":"set","ast-page-background-enabled":"default","ast-page-background-meta":{"desktop":{"background-color":"var(--ast-global-color-5)","background-image":"","background-repeat":"repeat","background-position":"center center","background-size":"auto","background-attachment":"scroll","background-type":"","background-media":"","overlay-type":"","overlay-color":"","overlay-opacity":"","overlay-gradient":""},"tablet":{"background-color":"","background-image":"","background-repeat":"repeat","background-position":"center center","background-size":"auto","background-attachment":"scroll","background-type":"","background-media":"","overlay-type":"","overlay-color":"","overlay-opacity":"","overlay-gradient":""},"mobile":{"background-color":"","background-image":"","background-repeat":"repeat","background-position":"center center","background-size":"auto","background-attachment":"scroll","background-type":"","background-media":"","overlay-type":"","overlay-color":"","overlay-opacity":"","overlay-gradient":""}},"ast-content-background-meta":{"desktop":{"background-color":"var(--ast-global-color-4)","background-image":"","background-repeat":"repeat","background-position":"center center","background-size":"auto","background-attachment":"scroll","background-type":"","background-media":"","overlay-type":"","overlay-color":"","overlay-opacity":"","overlay-gradient":""},"tablet":{"background-color":"var(--ast-global-color-4)","background-image":"","background-repeat":"repeat","background-position":"center center","background-size":"auto","background-attachment":"scroll","background-type":"","background-media":"","overlay-type":"","overlay-color":"","overlay-opacity":"","overlay-gradient":""},"mobile":{"background-color":"var(--ast-global-color-4)","background-image":"","background-repeat":"repeat","background-position":"center center","background-size":"auto","background-attachment":"scroll","background-type":"","background-media":"","overlay-type":"","overlay-color":"","overlay-opacity":"","overlay-gradient":""}}},"product_brand":[],"product_cat":[27],"product_tag":[],"class_list":{"0":"post-841","1":"product","2":"type-product","3":"status-publish","4":"has-post-thumbnail","6":"product_cat-figurki","7":"desktop-align-center","8":"tablet-align-left","9":"mobile-align-left","11":"first","12":"instock","13":"taxable","14":"shipping-taxable","15":"purchasable","16":"product-type-simple"},"jetpack_sharing_enabled":true,"_links":{"self":[{"href":"https:\/\/printbumble.com\/index.php?rest_route=\/wp\/v2\/product\/841","targetHints":{"allow":["GET"]}}],"collection":[{"href":"https:\/\/printbumble.com\/index.php?rest_route=\/wp\/v2\/product"}],"about":[{"href":"https:\/\/printbumble.com\/index.php?rest_route=\/wp\/v2\/types\/product"}],"replies":[{"embeddable":true,"href":"https:\/\/printbumble.com\/index.php?rest_route=%2Fwp%2Fv2%2Fcomments&post=841"}],"wp:featuredmedia":[{"embeddable":true,"href":"https:\/\/printbumble.com\/index.php?rest_route=\/wp\/v2\/media\/842"}],"wp:attachment":[{"href":"https:\/\/printbumble.com\/index.php?rest_route=%2Fwp%2Fv2%2Fmedia&parent=841"}],"wp:term":[{"taxonomy":"product_brand","embeddable":true,"href":"https:\/\/printbumble.com\/index.php?rest_route=%2Fwp%2Fv2%2Fproduct_brand&post=841"},{"taxonomy":"product_cat","embeddable":true,"href":"https:\/\/printbumble.com\/index.php?rest_route=%2Fwp%2Fv2%2Fproduct_cat&post=841"},{"taxonomy":"product_tag","embeddable":true,"href":"https:\/\/printbumble.com\/index.php?rest_route=%2Fwp%2Fv2%2Fproduct_tag&post=841"}],"curies":[{"name":"wp","href":"https:\/\/api.w.org\/{rel}","templated":true}]}}