{"id":839,"date":"2026-02-10T18:51:00","date_gmt":"2026-02-10T17:51:00","guid":{"rendered":"https:\/\/printbumble.com\/?post_type=product&#038;p=839"},"modified":"2026-03-18T09:41:49","modified_gmt":"2026-03-18T08:41:49","slug":"figurka-krewetki","status":"publish","type":"product","link":"https:\/\/printbumble.com\/?product=figurka-krewetki","title":{"rendered":"Figurka krewetki"},"content":{"rendered":"<p data-start=\"63\" data-end=\"135\">\ud83e\udd90 <strong data-start=\"66\" data-end=\"130\">Figurka krewetki \u2013 ruchoma | zabawka sensoryczna \/ dekoracja<\/strong> \ud83e\udd90<\/p>\n<p data-start=\"137\" data-end=\"373\">Efektowna <strong data-start=\"147\" data-end=\"190\">figurka krewetki z ruchomymi segmentami<\/strong>, wykonana z dba\u0142o\u015bci\u0105 o detale. Elastyczna konstrukcja sprawia, \u017ce figurka porusza si\u0119 w naturalny spos\u00f3b, co daje du\u017co frajdy i \u015bwietnie sprawdza si\u0119 tak\u017ce jako gad\u017cet antystresowy.<\/p>\n<h3 data-start=\"375\" data-end=\"396\">\u2b50 Cechy produktu:<\/h3>\n<ul data-start=\"397\" data-end=\"546\">\n<li data-start=\"397\" data-end=\"429\">\n<p data-start=\"399\" data-end=\"429\"><strong data-start=\"399\" data-end=\"429\">ruchoma, segmentowa budowa<\/strong><\/p>\n<\/li>\n<li data-start=\"430\" data-end=\"461\">\n<p data-start=\"432\" data-end=\"461\">realistyczny kszta\u0142t krewetki<\/p>\n<\/li>\n<li data-start=\"462\" data-end=\"480\">\n<p data-start=\"464\" data-end=\"480\">lekka i por\u0119czna<\/p>\n<\/li>\n<li data-start=\"481\" data-end=\"502\">\n<p data-start=\"483\" data-end=\"502\">elastyczne elementy<\/p>\n<\/li>\n<li data-start=\"503\" data-end=\"525\">\n<p data-start=\"505\" data-end=\"525\">kolor: <strong data-start=\"512\" data-end=\"525\">niebieski<\/strong><\/p>\n<\/li>\n<li data-start=\"526\" data-end=\"546\">\n<p data-start=\"528\" data-end=\"546\">staranne wykonanie<\/p>\n<p>Wysoko\u015b\u0107: 6 cm<\/p>\n<p>D\u0142ugo\u015b\u0107: 14 cm<\/li>\n<\/ul>\n","protected":false},"excerpt":{"rendered":"<p>\ud83e\udd90 Figurka krewetki \u2013 ruchoma | zabawka sensoryczna \/ dekoracja \ud83e\udd90 Efektowna figurka krewetki z ruchomymi segmentami, wykonana z dba\u0142o\u015bci\u0105 [&hellip;]<\/p>\n","protected":false},"featured_media":840,"comment_status":"open","ping_status":"closed","template":"","meta":{"site-sidebar-layout":"default","site-content-layout":"","ast-site-content-layout":"default","site-content-style":"default","site-sidebar-style":"default","ast-global-header-display":"","ast-banner-title-visibility":"","ast-main-header-display":"","ast-hfb-above-header-display":"","ast-hfb-below-header-display":"","ast-hfb-mobile-header-display":"","site-post-title":"","ast-breadcrumbs-content":"","ast-featured-img":"","footer-sml-layout":"","ast-disable-related-posts":"","theme-transparent-header-meta":"default","adv-header-id-meta":"","stick-header-meta":"","header-above-stick-meta":"","header-main-stick-meta":"","header-below-stick-meta":"","astra-migrate-meta-layouts":"set","ast-page-background-enabled":"default","ast-page-background-meta":{"desktop":{"background-color":"var(--ast-global-color-5)","background-image":"","background-repeat":"repeat","background-position":"center center","background-size":"auto","background-attachment":"scroll","background-type":"","background-media":"","overlay-type":"","overlay-color":"","overlay-opacity":"","overlay-gradient":""},"tablet":{"background-color":"","background-image":"","background-repeat":"repeat","background-position":"center center","background-size":"auto","background-attachment":"scroll","background-type":"","background-media":"","overlay-type":"","overlay-color":"","overlay-opacity":"","overlay-gradient":""},"mobile":{"background-color":"","background-image":"","background-repeat":"repeat","background-position":"center center","background-size":"auto","background-attachment":"scroll","background-type":"","background-media":"","overlay-type":"","overlay-color":"","overlay-opacity":"","overlay-gradient":""}},"ast-content-background-meta":{"desktop":{"background-color":"var(--ast-global-color-4)","background-image":"","background-repeat":"repeat","background-position":"center center","background-size":"auto","background-attachment":"scroll","background-type":"","background-media":"","overlay-type":"","overlay-color":"","overlay-opacity":"","overlay-gradient":""},"tablet":{"background-color":"var(--ast-global-color-4)","background-image":"","background-repeat":"repeat","background-position":"center center","background-size":"auto","background-attachment":"scroll","background-type":"","background-media":"","overlay-type":"","overlay-color":"","overlay-opacity":"","overlay-gradient":""},"mobile":{"background-color":"var(--ast-global-color-4)","background-image":"","background-repeat":"repeat","background-position":"center center","background-size":"auto","background-attachment":"scroll","background-type":"","background-media":"","overlay-type":"","overlay-color":"","overlay-opacity":"","overlay-gradient":""}}},"product_brand":[],"product_cat":[27],"product_tag":[],"class_list":{"0":"post-839","1":"product","2":"type-product","3":"status-publish","4":"has-post-thumbnail","6":"product_cat-figurki","7":"desktop-align-center","8":"tablet-align-left","9":"mobile-align-left","11":"first","12":"instock","13":"taxable","14":"shipping-taxable","15":"purchasable","16":"product-type-simple"},"jetpack_sharing_enabled":true,"_links":{"self":[{"href":"https:\/\/printbumble.com\/index.php?rest_route=\/wp\/v2\/product\/839","targetHints":{"allow":["GET"]}}],"collection":[{"href":"https:\/\/printbumble.com\/index.php?rest_route=\/wp\/v2\/product"}],"about":[{"href":"https:\/\/printbumble.com\/index.php?rest_route=\/wp\/v2\/types\/product"}],"replies":[{"embeddable":true,"href":"https:\/\/printbumble.com\/index.php?rest_route=%2Fwp%2Fv2%2Fcomments&post=839"}],"wp:featuredmedia":[{"embeddable":true,"href":"https:\/\/printbumble.com\/index.php?rest_route=\/wp\/v2\/media\/840"}],"wp:attachment":[{"href":"https:\/\/printbumble.com\/index.php?rest_route=%2Fwp%2Fv2%2Fmedia&parent=839"}],"wp:term":[{"taxonomy":"product_brand","embeddable":true,"href":"https:\/\/printbumble.com\/index.php?rest_route=%2Fwp%2Fv2%2Fproduct_brand&post=839"},{"taxonomy":"product_cat","embeddable":true,"href":"https:\/\/printbumble.com\/index.php?rest_route=%2Fwp%2Fv2%2Fproduct_cat&post=839"},{"taxonomy":"product_tag","embeddable":true,"href":"https:\/\/printbumble.com\/index.php?rest_route=%2Fwp%2Fv2%2Fproduct_tag&post=839"}],"curies":[{"name":"wp","href":"https:\/\/api.w.org\/{rel}","templated":true}]}}