{"id":790,"date":"2026-02-09T18:27:49","date_gmt":"2026-02-09T17:27:49","guid":{"rendered":"https:\/\/printbumble.com\/?post_type=product&#038;p=790"},"modified":"2026-03-18T10:03:08","modified_gmt":"2026-03-18T09:03:08","slug":"brelok-ruchome-kolo","status":"publish","type":"product","link":"https:\/\/printbumble.com\/?product=brelok-ruchome-kolo","title":{"rendered":"Brelok-ruchome ko\u0142o"},"content":{"rendered":"<p class=\"desc-p\">\ud83d\udd04 Brelok z Ruchomym Ko\u0142em | Obrotowy brelok do kluczy<\/p>\n<p class=\"desc-p\">Oryginalny brelok wyposa\u017cony w\u00a0<strong>ruchome, obrotowe elementy<\/strong>, kt\u00f3re mo\u017cna swobodnie kr\u0119ci\u0107. Prosty, ale bardzo wci\u0105gaj\u0105cy design sprawia, \u017ce brelok pe\u0142ni nie tylko funkcj\u0119 ozdobn\u0105, ale tak\u017ce\u00a0<strong>antystresow\u0105<\/strong>.<\/p>\n<p class=\"desc-p\">Idealny jako dodatek do kluczy, plecaka lub torby.<\/p>\n<p class=\"desc-p\">\u2728 Cechy produktu:<\/p>\n<ul>\n<li>\n<p class=\"desc-p\">ruchome, obracaj\u0105ce si\u0119 ko\u0142o<\/p>\n<\/li>\n<li>\n<p class=\"desc-p\">p\u0142ynna praca element\u00f3w<\/p>\n<\/li>\n<li>\n<p class=\"desc-p\">solidne wykonanie<\/p>\n<\/li>\n<li>\n<p class=\"desc-p\">metalowy \u0142a\u0144cuszek i k\u00f3\u0142ko na klucze<\/p>\n<\/li>\n<li>\n<p class=\"desc-p\">minimalistyczny, nowoczesny wygl\u0105d<\/p>\n<\/li>\n<\/ul>\n<p class=\"desc-p\">\ud83c\udf81 Zastosowanie:<\/p>\n<ul>\n<li>\n<p class=\"desc-p\">brelok do kluczy<\/p>\n<\/li>\n<li>\n<p class=\"desc-p\">gad\u017cet antystresowy<\/p>\n<\/li>\n<\/ul>\n","protected":false},"excerpt":{"rendered":"<p>\ud83d\udd04 Brelok z Ruchomym Ko\u0142em | Obrotowy brelok do kluczy Oryginalny brelok wyposa\u017cony w\u00a0ruchome, obrotowe elementy, kt\u00f3re mo\u017cna swobodnie kr\u0119ci\u0107. [&hellip;]<\/p>\n","protected":false},"featured_media":791,"comment_status":"open","ping_status":"closed","template":"","meta":{"site-sidebar-layout":"default","site-content-layout":"","ast-site-content-layout":"default","site-content-style":"default","site-sidebar-style":"default","ast-global-header-display":"","ast-banner-title-visibility":"","ast-main-header-display":"","ast-hfb-above-header-display":"","ast-hfb-below-header-display":"","ast-hfb-mobile-header-display":"","site-post-title":"","ast-breadcrumbs-content":"","ast-featured-img":"","footer-sml-layout":"","ast-disable-related-posts":"","theme-transparent-header-meta":"default","adv-header-id-meta":"","stick-header-meta":"","header-above-stick-meta":"","header-main-stick-meta":"","header-below-stick-meta":"","astra-migrate-meta-layouts":"set","ast-page-background-enabled":"default","ast-page-background-meta":{"desktop":{"background-color":"var(--ast-global-color-5)","background-image":"","background-repeat":"repeat","background-position":"center center","background-size":"auto","background-attachment":"scroll","background-type":"","background-media":"","overlay-type":"","overlay-color":"","overlay-opacity":"","overlay-gradient":""},"tablet":{"background-color":"","background-image":"","background-repeat":"repeat","background-position":"center center","background-size":"auto","background-attachment":"scroll","background-type":"","background-media":"","overlay-type":"","overlay-color":"","overlay-opacity":"","overlay-gradient":""},"mobile":{"background-color":"","background-image":"","background-repeat":"repeat","background-position":"center center","background-size":"auto","background-attachment":"scroll","background-type":"","background-media":"","overlay-type":"","overlay-color":"","overlay-opacity":"","overlay-gradient":""}},"ast-content-background-meta":{"desktop":{"background-color":"var(--ast-global-color-4)","background-image":"","background-repeat":"repeat","background-position":"center center","background-size":"auto","background-attachment":"scroll","background-type":"","background-media":"","overlay-type":"","overlay-color":"","overlay-opacity":"","overlay-gradient":""},"tablet":{"background-color":"var(--ast-global-color-4)","background-image":"","background-repeat":"repeat","background-position":"center center","background-size":"auto","background-attachment":"scroll","background-type":"","background-media":"","overlay-type":"","overlay-color":"","overlay-opacity":"","overlay-gradient":""},"mobile":{"background-color":"var(--ast-global-color-4)","background-image":"","background-repeat":"repeat","background-position":"center center","background-size":"auto","background-attachment":"scroll","background-type":"","background-media":"","overlay-type":"","overlay-color":"","overlay-opacity":"","overlay-gradient":""}}},"product_brand":[],"product_cat":[21],"product_tag":[],"class_list":{"0":"post-790","1":"product","2":"type-product","3":"status-publish","4":"has-post-thumbnail","6":"product_cat-breloczki","7":"desktop-align-center","8":"tablet-align-left","9":"mobile-align-left","11":"first","12":"instock","13":"taxable","14":"shipping-taxable","15":"purchasable","16":"product-type-simple"},"jetpack_sharing_enabled":true,"_links":{"self":[{"href":"https:\/\/printbumble.com\/index.php?rest_route=\/wp\/v2\/product\/790","targetHints":{"allow":["GET"]}}],"collection":[{"href":"https:\/\/printbumble.com\/index.php?rest_route=\/wp\/v2\/product"}],"about":[{"href":"https:\/\/printbumble.com\/index.php?rest_route=\/wp\/v2\/types\/product"}],"replies":[{"embeddable":true,"href":"https:\/\/printbumble.com\/index.php?rest_route=%2Fwp%2Fv2%2Fcomments&post=790"}],"wp:featuredmedia":[{"embeddable":true,"href":"https:\/\/printbumble.com\/index.php?rest_route=\/wp\/v2\/media\/791"}],"wp:attachment":[{"href":"https:\/\/printbumble.com\/index.php?rest_route=%2Fwp%2Fv2%2Fmedia&parent=790"}],"wp:term":[{"taxonomy":"product_brand","embeddable":true,"href":"https:\/\/printbumble.com\/index.php?rest_route=%2Fwp%2Fv2%2Fproduct_brand&post=790"},{"taxonomy":"product_cat","embeddable":true,"href":"https:\/\/printbumble.com\/index.php?rest_route=%2Fwp%2Fv2%2Fproduct_cat&post=790"},{"taxonomy":"product_tag","embeddable":true,"href":"https:\/\/printbumble.com\/index.php?rest_route=%2Fwp%2Fv2%2Fproduct_tag&post=790"}],"curies":[{"name":"wp","href":"https:\/\/api.w.org\/{rel}","templated":true}]}}