{"id":784,"date":"2026-02-09T18:21:43","date_gmt":"2026-02-09T17:21:43","guid":{"rendered":"https:\/\/printbumble.com\/?post_type=product&#038;p=784"},"modified":"2026-03-18T10:03:43","modified_gmt":"2026-03-18T09:03:43","slug":"brelok-osci-ryby","status":"publish","type":"product","link":"https:\/\/printbumble.com\/?product=brelok-osci-ryby","title":{"rendered":"Brelok &#8211; o\u015bci ryby"},"content":{"rendered":"<p class=\"desc-p\">\ud83d\udc1f Brelok O\u015b\u0107 Ryby | Nietypowy brelok do kluczy<\/p>\n<p class=\"desc-p\">Oryginalny brelok w kszta\u0142cie\u00a0<strong>rybiej o\u015bci<\/strong>\u00a0\u2013 zabawny i niebanalny dodatek, kt\u00f3ry z pewno\u015bci\u0105 zwr\u00f3ci uwag\u0119. Idealny dla mi\u0142o\u015bnik\u00f3w ryb, w\u0119dkarzy oraz os\u00f3b lubi\u0105cych nietypowe gad\u017cety.<\/p>\n<p class=\"desc-p\">Minimalistyczna forma i ciekawy design sprawiaj\u0105, \u017ce brelok \u015bwietnie sprawdzi si\u0119 zar\u00f3wno na co dzie\u0144, jak i jako drobny prezent z przymru\u017ceniem oka.<\/p>\n<p class=\"desc-p\">\u2728 Cechy produktu:<\/p>\n<ul>\n<li>\n<p class=\"desc-p\">kszta\u0142t o\u015bci ryby<\/p>\n<\/li>\n<li>\n<p class=\"desc-p\">lekka i por\u0119czna forma<\/p>\n<\/li>\n<li>\n<p class=\"desc-p\">solidne wykonanie<\/p>\n<\/li>\n<li>\n<p class=\"desc-p\">metalowe k\u00f3\u0142ko na klucze<\/p>\n<\/li>\n<li>\n<p class=\"desc-p\">oryginalny design<\/p>\n<p>D\u0142ugo\u015b\u0107: 9 cm<\/li>\n<\/ul>\n","protected":false},"excerpt":{"rendered":"<p>\ud83d\udc1f Brelok O\u015b\u0107 Ryby | Nietypowy brelok do kluczy Oryginalny brelok w kszta\u0142cie\u00a0rybiej o\u015bci\u00a0\u2013 zabawny i niebanalny dodatek, kt\u00f3ry z [&hellip;]<\/p>\n","protected":false},"featured_media":786,"comment_status":"open","ping_status":"closed","template":"","meta":{"site-sidebar-layout":"default","site-content-layout":"","ast-site-content-layout":"default","site-content-style":"default","site-sidebar-style":"default","ast-global-header-display":"","ast-banner-title-visibility":"","ast-main-header-display":"","ast-hfb-above-header-display":"","ast-hfb-below-header-display":"","ast-hfb-mobile-header-display":"","site-post-title":"","ast-breadcrumbs-content":"","ast-featured-img":"","footer-sml-layout":"","ast-disable-related-posts":"","theme-transparent-header-meta":"default","adv-header-id-meta":"","stick-header-meta":"","header-above-stick-meta":"","header-main-stick-meta":"","header-below-stick-meta":"","astra-migrate-meta-layouts":"set","ast-page-background-enabled":"default","ast-page-background-meta":{"desktop":{"background-color":"var(--ast-global-color-5)","background-image":"","background-repeat":"repeat","background-position":"center center","background-size":"auto","background-attachment":"scroll","background-type":"","background-media":"","overlay-type":"","overlay-color":"","overlay-opacity":"","overlay-gradient":""},"tablet":{"background-color":"","background-image":"","background-repeat":"repeat","background-position":"center center","background-size":"auto","background-attachment":"scroll","background-type":"","background-media":"","overlay-type":"","overlay-color":"","overlay-opacity":"","overlay-gradient":""},"mobile":{"background-color":"","background-image":"","background-repeat":"repeat","background-position":"center center","background-size":"auto","background-attachment":"scroll","background-type":"","background-media":"","overlay-type":"","overlay-color":"","overlay-opacity":"","overlay-gradient":""}},"ast-content-background-meta":{"desktop":{"background-color":"var(--ast-global-color-4)","background-image":"","background-repeat":"repeat","background-position":"center center","background-size":"auto","background-attachment":"scroll","background-type":"","background-media":"","overlay-type":"","overlay-color":"","overlay-opacity":"","overlay-gradient":""},"tablet":{"background-color":"var(--ast-global-color-4)","background-image":"","background-repeat":"repeat","background-position":"center center","background-size":"auto","background-attachment":"scroll","background-type":"","background-media":"","overlay-type":"","overlay-color":"","overlay-opacity":"","overlay-gradient":""},"mobile":{"background-color":"var(--ast-global-color-4)","background-image":"","background-repeat":"repeat","background-position":"center center","background-size":"auto","background-attachment":"scroll","background-type":"","background-media":"","overlay-type":"","overlay-color":"","overlay-opacity":"","overlay-gradient":""}}},"product_brand":[],"product_cat":[21],"product_tag":[],"class_list":{"0":"post-784","1":"product","2":"type-product","3":"status-publish","4":"has-post-thumbnail","6":"product_cat-breloczki","7":"desktop-align-center","8":"tablet-align-left","9":"mobile-align-left","11":"first","12":"instock","13":"taxable","14":"shipping-taxable","15":"purchasable","16":"product-type-simple"},"jetpack_sharing_enabled":true,"_links":{"self":[{"href":"https:\/\/printbumble.com\/index.php?rest_route=\/wp\/v2\/product\/784","targetHints":{"allow":["GET"]}}],"collection":[{"href":"https:\/\/printbumble.com\/index.php?rest_route=\/wp\/v2\/product"}],"about":[{"href":"https:\/\/printbumble.com\/index.php?rest_route=\/wp\/v2\/types\/product"}],"replies":[{"embeddable":true,"href":"https:\/\/printbumble.com\/index.php?rest_route=%2Fwp%2Fv2%2Fcomments&post=784"}],"wp:featuredmedia":[{"embeddable":true,"href":"https:\/\/printbumble.com\/index.php?rest_route=\/wp\/v2\/media\/786"}],"wp:attachment":[{"href":"https:\/\/printbumble.com\/index.php?rest_route=%2Fwp%2Fv2%2Fmedia&parent=784"}],"wp:term":[{"taxonomy":"product_brand","embeddable":true,"href":"https:\/\/printbumble.com\/index.php?rest_route=%2Fwp%2Fv2%2Fproduct_brand&post=784"},{"taxonomy":"product_cat","embeddable":true,"href":"https:\/\/printbumble.com\/index.php?rest_route=%2Fwp%2Fv2%2Fproduct_cat&post=784"},{"taxonomy":"product_tag","embeddable":true,"href":"https:\/\/printbumble.com\/index.php?rest_route=%2Fwp%2Fv2%2Fproduct_tag&post=784"}],"curies":[{"name":"wp","href":"https:\/\/api.w.org\/{rel}","templated":true}]}}