{"id":780,"date":"2026-02-09T18:18:16","date_gmt":"2026-02-09T17:18:16","guid":{"rendered":"https:\/\/printbumble.com\/?post_type=product&#038;p=780"},"modified":"2026-03-18T10:04:05","modified_gmt":"2026-03-18T09:04:05","slug":"brelok-smok-2","status":"publish","type":"product","link":"https:\/\/printbumble.com\/?product=brelok-smok-2","title":{"rendered":"Brelok &#8211; smok"},"content":{"rendered":"<p data-start=\"65\" data-end=\"131\">\ud83d\udc32 <strong data-start=\"68\" data-end=\"126\">Breloczek Smok<\/strong><\/p>\n<p data-start=\"133\" data-end=\"387\">Efektowny <strong data-start=\"143\" data-end=\"174\">breloczek w kszta\u0142cie smoka<\/strong> z ruchomymi, segmentowymi elementami. Stylowy, lekki i bardzo oryginalny \u2013 idealny dodatek do kluczy, plecaka lub torby. Dzi\u0119ki elastycznej konstrukcji \u015bwietnie sprawdza si\u0119 r\u00f3wnie\u017c jako ma\u0142y gad\u017cet antystresowy.<\/p>\n<h3 data-start=\"389\" data-end=\"410\">\u2b50 Cechy produktu:<\/h3>\n<ul data-start=\"411\" data-end=\"597\">\n<li data-start=\"411\" data-end=\"445\">\n<p data-start=\"413\" data-end=\"445\"><strong data-start=\"413\" data-end=\"445\">ruchome, segmentowe elementy<\/strong><\/p>\n<\/li>\n<li data-start=\"446\" data-end=\"486\">\n<p data-start=\"448\" data-end=\"486\">szczeg\u00f3\u0142owy, fantastyczny design smoka<\/p>\n<\/li>\n<li data-start=\"487\" data-end=\"506\">\n<p data-start=\"489\" data-end=\"506\">solidne wykonanie<\/p>\n<\/li>\n<li data-start=\"507\" data-end=\"544\">\n<p data-start=\"509\" data-end=\"544\">metalowe k\u00f3\u0142ko do kluczy w zestawie<\/p>\n<\/li>\n<li data-start=\"574\" data-end=\"597\">\n<p data-start=\"576\" data-end=\"597\">kompaktowy i por\u0119czny<\/p>\n<p>&nbsp;<\/p>\n<p>D\u0142ugo\u015b\u0107: 10 cm<\/li>\n<\/ul>\n","protected":false},"excerpt":{"rendered":"<p>\ud83d\udc32 Breloczek Smok Efektowny breloczek w kszta\u0142cie smoka z ruchomymi, segmentowymi elementami. Stylowy, lekki i bardzo oryginalny \u2013 idealny dodatek [&hellip;]<\/p>\n","protected":false},"featured_media":781,"comment_status":"open","ping_status":"closed","template":"","meta":{"site-sidebar-layout":"default","site-content-layout":"","ast-site-content-layout":"default","site-content-style":"default","site-sidebar-style":"default","ast-global-header-display":"","ast-banner-title-visibility":"","ast-main-header-display":"","ast-hfb-above-header-display":"","ast-hfb-below-header-display":"","ast-hfb-mobile-header-display":"","site-post-title":"","ast-breadcrumbs-content":"","ast-featured-img":"","footer-sml-layout":"","ast-disable-related-posts":"","theme-transparent-header-meta":"default","adv-header-id-meta":"","stick-header-meta":"","header-above-stick-meta":"","header-main-stick-meta":"","header-below-stick-meta":"","astra-migrate-meta-layouts":"set","ast-page-background-enabled":"default","ast-page-background-meta":{"desktop":{"background-color":"var(--ast-global-color-5)","background-image":"","background-repeat":"repeat","background-position":"center center","background-size":"auto","background-attachment":"scroll","background-type":"","background-media":"","overlay-type":"","overlay-color":"","overlay-opacity":"","overlay-gradient":""},"tablet":{"background-color":"","background-image":"","background-repeat":"repeat","background-position":"center center","background-size":"auto","background-attachment":"scroll","background-type":"","background-media":"","overlay-type":"","overlay-color":"","overlay-opacity":"","overlay-gradient":""},"mobile":{"background-color":"","background-image":"","background-repeat":"repeat","background-position":"center center","background-size":"auto","background-attachment":"scroll","background-type":"","background-media":"","overlay-type":"","overlay-color":"","overlay-opacity":"","overlay-gradient":""}},"ast-content-background-meta":{"desktop":{"background-color":"var(--ast-global-color-4)","background-image":"","background-repeat":"repeat","background-position":"center center","background-size":"auto","background-attachment":"scroll","background-type":"","background-media":"","overlay-type":"","overlay-color":"","overlay-opacity":"","overlay-gradient":""},"tablet":{"background-color":"var(--ast-global-color-4)","background-image":"","background-repeat":"repeat","background-position":"center center","background-size":"auto","background-attachment":"scroll","background-type":"","background-media":"","overlay-type":"","overlay-color":"","overlay-opacity":"","overlay-gradient":""},"mobile":{"background-color":"var(--ast-global-color-4)","background-image":"","background-repeat":"repeat","background-position":"center center","background-size":"auto","background-attachment":"scroll","background-type":"","background-media":"","overlay-type":"","overlay-color":"","overlay-opacity":"","overlay-gradient":""}}},"product_brand":[],"product_cat":[21],"product_tag":[],"class_list":{"0":"post-780","1":"product","2":"type-product","3":"status-publish","4":"has-post-thumbnail","6":"product_cat-breloczki","7":"desktop-align-center","8":"tablet-align-left","9":"mobile-align-left","11":"first","12":"instock","13":"taxable","14":"shipping-taxable","15":"purchasable","16":"product-type-simple"},"jetpack_sharing_enabled":true,"_links":{"self":[{"href":"https:\/\/printbumble.com\/index.php?rest_route=\/wp\/v2\/product\/780","targetHints":{"allow":["GET"]}}],"collection":[{"href":"https:\/\/printbumble.com\/index.php?rest_route=\/wp\/v2\/product"}],"about":[{"href":"https:\/\/printbumble.com\/index.php?rest_route=\/wp\/v2\/types\/product"}],"replies":[{"embeddable":true,"href":"https:\/\/printbumble.com\/index.php?rest_route=%2Fwp%2Fv2%2Fcomments&post=780"}],"wp:featuredmedia":[{"embeddable":true,"href":"https:\/\/printbumble.com\/index.php?rest_route=\/wp\/v2\/media\/781"}],"wp:attachment":[{"href":"https:\/\/printbumble.com\/index.php?rest_route=%2Fwp%2Fv2%2Fmedia&parent=780"}],"wp:term":[{"taxonomy":"product_brand","embeddable":true,"href":"https:\/\/printbumble.com\/index.php?rest_route=%2Fwp%2Fv2%2Fproduct_brand&post=780"},{"taxonomy":"product_cat","embeddable":true,"href":"https:\/\/printbumble.com\/index.php?rest_route=%2Fwp%2Fv2%2Fproduct_cat&post=780"},{"taxonomy":"product_tag","embeddable":true,"href":"https:\/\/printbumble.com\/index.php?rest_route=%2Fwp%2Fv2%2Fproduct_tag&post=780"}],"curies":[{"name":"wp","href":"https:\/\/api.w.org\/{rel}","templated":true}]}}