{"id":778,"date":"2026-02-09T18:14:39","date_gmt":"2026-02-09T17:14:39","guid":{"rendered":"https:\/\/printbumble.com\/?post_type=product&#038;p=778"},"modified":"2026-03-18T10:04:14","modified_gmt":"2026-03-18T09:04:14","slug":"brelok-smok","status":"publish","type":"product","link":"https:\/\/printbumble.com\/?product=brelok-smok","title":{"rendered":"Brelok &#8211; smok"},"content":{"rendered":"<p class=\"desc-p\">\ud83d\udc09 Fioletowy smok \u2013 brelok do kluczy<\/p>\n<p class=\"desc-p\">Oryginalny brelok w kszta\u0142cie smoka, kt\u00f3ry od razu przyci\u0105ga uwag\u0119!<\/p>\n<p class=\"desc-p\">Idealny jako brelok do kluczy, plecaka, torby lub jako drobny gad\u017cet na prezent dla fana smok\u00f3w i fantasy.<\/p>\n<p class=\"desc-p\">\u2728 Cechy produktu:<\/p>\n<ul>\n<li>\n<p class=\"desc-p\">unikalny design<\/p>\n<\/li>\n<li>\n<p class=\"desc-p\">kolor: fioletowy<\/p>\n<\/li>\n<li>\n<p class=\"desc-p\">solidne metalowe k\u00f3\u0142ko na klucze<\/p>\n<\/li>\n<li>\n<p class=\"desc-p\">lekki i por\u0119czny<\/p>\n<\/li>\n<\/ul>\n<p>&nbsp;<\/p>\n<p>D\u0142ugo\u015b\u0107: 10 cm<\/p>\n","protected":false},"excerpt":{"rendered":"<p>\ud83d\udc09 Fioletowy smok \u2013 brelok do kluczy Oryginalny brelok w kszta\u0142cie smoka, kt\u00f3ry od razu przyci\u0105ga uwag\u0119! Idealny jako brelok [&hellip;]<\/p>\n","protected":false},"featured_media":779,"comment_status":"open","ping_status":"closed","template":"","meta":{"site-sidebar-layout":"default","site-content-layout":"","ast-site-content-layout":"default","site-content-style":"default","site-sidebar-style":"default","ast-global-header-display":"","ast-banner-title-visibility":"","ast-main-header-display":"","ast-hfb-above-header-display":"","ast-hfb-below-header-display":"","ast-hfb-mobile-header-display":"","site-post-title":"","ast-breadcrumbs-content":"","ast-featured-img":"","footer-sml-layout":"","ast-disable-related-posts":"","theme-transparent-header-meta":"default","adv-header-id-meta":"","stick-header-meta":"","header-above-stick-meta":"","header-main-stick-meta":"","header-below-stick-meta":"","astra-migrate-meta-layouts":"set","ast-page-background-enabled":"default","ast-page-background-meta":{"desktop":{"background-color":"var(--ast-global-color-5)","background-image":"","background-repeat":"repeat","background-position":"center center","background-size":"auto","background-attachment":"scroll","background-type":"","background-media":"","overlay-type":"","overlay-color":"","overlay-opacity":"","overlay-gradient":""},"tablet":{"background-color":"","background-image":"","background-repeat":"repeat","background-position":"center center","background-size":"auto","background-attachment":"scroll","background-type":"","background-media":"","overlay-type":"","overlay-color":"","overlay-opacity":"","overlay-gradient":""},"mobile":{"background-color":"","background-image":"","background-repeat":"repeat","background-position":"center center","background-size":"auto","background-attachment":"scroll","background-type":"","background-media":"","overlay-type":"","overlay-color":"","overlay-opacity":"","overlay-gradient":""}},"ast-content-background-meta":{"desktop":{"background-color":"var(--ast-global-color-4)","background-image":"","background-repeat":"repeat","background-position":"center center","background-size":"auto","background-attachment":"scroll","background-type":"","background-media":"","overlay-type":"","overlay-color":"","overlay-opacity":"","overlay-gradient":""},"tablet":{"background-color":"var(--ast-global-color-4)","background-image":"","background-repeat":"repeat","background-position":"center center","background-size":"auto","background-attachment":"scroll","background-type":"","background-media":"","overlay-type":"","overlay-color":"","overlay-opacity":"","overlay-gradient":""},"mobile":{"background-color":"var(--ast-global-color-4)","background-image":"","background-repeat":"repeat","background-position":"center center","background-size":"auto","background-attachment":"scroll","background-type":"","background-media":"","overlay-type":"","overlay-color":"","overlay-opacity":"","overlay-gradient":""}}},"product_brand":[],"product_cat":[21],"product_tag":[],"class_list":{"0":"post-778","1":"product","2":"type-product","3":"status-publish","4":"has-post-thumbnail","6":"product_cat-breloczki","7":"desktop-align-center","8":"tablet-align-left","9":"mobile-align-left","11":"first","12":"instock","13":"taxable","14":"shipping-taxable","15":"purchasable","16":"product-type-simple"},"jetpack_sharing_enabled":true,"_links":{"self":[{"href":"https:\/\/printbumble.com\/index.php?rest_route=\/wp\/v2\/product\/778","targetHints":{"allow":["GET"]}}],"collection":[{"href":"https:\/\/printbumble.com\/index.php?rest_route=\/wp\/v2\/product"}],"about":[{"href":"https:\/\/printbumble.com\/index.php?rest_route=\/wp\/v2\/types\/product"}],"replies":[{"embeddable":true,"href":"https:\/\/printbumble.com\/index.php?rest_route=%2Fwp%2Fv2%2Fcomments&post=778"}],"wp:featuredmedia":[{"embeddable":true,"href":"https:\/\/printbumble.com\/index.php?rest_route=\/wp\/v2\/media\/779"}],"wp:attachment":[{"href":"https:\/\/printbumble.com\/index.php?rest_route=%2Fwp%2Fv2%2Fmedia&parent=778"}],"wp:term":[{"taxonomy":"product_brand","embeddable":true,"href":"https:\/\/printbumble.com\/index.php?rest_route=%2Fwp%2Fv2%2Fproduct_brand&post=778"},{"taxonomy":"product_cat","embeddable":true,"href":"https:\/\/printbumble.com\/index.php?rest_route=%2Fwp%2Fv2%2Fproduct_cat&post=778"},{"taxonomy":"product_tag","embeddable":true,"href":"https:\/\/printbumble.com\/index.php?rest_route=%2Fwp%2Fv2%2Fproduct_tag&post=778"}],"curies":[{"name":"wp","href":"https:\/\/api.w.org\/{rel}","templated":true}]}}