{"id":712,"date":"2026-02-09T17:32:58","date_gmt":"2026-02-09T16:32:58","guid":{"rendered":"https:\/\/printbumble.com\/?post_type=product&#038;p=712"},"modified":"2026-03-10T20:05:21","modified_gmt":"2026-03-10T19:05:21","slug":"topper-do-bukietu-kocham-cie-2","status":"publish","type":"product","link":"https:\/\/printbumble.com\/?product=topper-do-bukietu-kocham-cie-2","title":{"rendered":"Topper do bukietu &#8222;Kocham Ci\u0119&#8221;"},"content":{"rendered":"<p class=\"desc-p\">\ud83c\udf38 Topper do bukiet\u00f3w \u2013 dekoracja florystyczna 3D<\/p>\n<p class=\"desc-p\">Elegancki topper, idealny jako dodatek do\u00a0<strong>bukiet\u00f3w kwiatowych, flower box\u00f3w oraz kompozycji florystycznych<\/strong>.<\/p>\n<p class=\"desc-p\">Topper wykonany metod\u0105\u00a0<strong>druku 3D<\/strong>, lekki, trwa\u0142y i starannie wyko\u0144czony. \u015awietnie sprawdzi si\u0119 zar\u00f3wno u floryst\u00f3w, jak i przy prywatnych okazjach.<\/p>\n<p class=\"desc-p\">\u2705 Cechy produktu:<\/p>\n<ul>\n<li>\n<p class=\"desc-p\">przeznaczenie:\u00a0<strong>do bukiet\u00f3w i kompozycji kwiatowych<\/strong><\/p>\n<\/li>\n<li>\n<p class=\"desc-p\">materia\u0142:\u00a0<strong>PLA (lekki, ekologiczny)<\/strong><\/p>\n<\/li>\n<li>\n<p class=\"desc-p\">technologia:\u00a0<strong>druk 3D<\/strong><\/p>\n<\/li>\n<li>\n<p class=\"desc-p\">wielokrotnego u\u017cytku<\/p>\n<\/li>\n<\/ul>\n<p class=\"desc-p\">\ud83c\udf81 Idealny na:<\/p>\n<ul>\n<li>\n<p class=\"desc-p\">jubileusze<\/p>\n<\/li>\n<li>\n<p class=\"desc-p\">prezenty okoliczno\u015bciowe<\/p>\n<\/li>\n<li>\n<p class=\"desc-p\">zam\u00f3wienia florystyczne<\/p>\n<\/li>\n<\/ul>\n<p class=\"desc-p\">\ud83d\udca1\u00a0<strong>Uwaga:<\/strong>\u00a0Topper jest elementem dekoracyjnym.<\/p>\n","protected":false},"excerpt":{"rendered":"<p>\ud83c\udf38 Topper do bukiet\u00f3w \u2013 dekoracja florystyczna 3D Elegancki topper, idealny jako dodatek do\u00a0bukiet\u00f3w kwiatowych, flower box\u00f3w oraz kompozycji florystycznych. [&hellip;]<\/p>\n","protected":false},"featured_media":713,"comment_status":"open","ping_status":"closed","template":"","meta":{"site-sidebar-layout":"default","site-content-layout":"","ast-site-content-layout":"default","site-content-style":"default","site-sidebar-style":"default","ast-global-header-display":"","ast-banner-title-visibility":"","ast-main-header-display":"","ast-hfb-above-header-display":"","ast-hfb-below-header-display":"","ast-hfb-mobile-header-display":"","site-post-title":"","ast-breadcrumbs-content":"","ast-featured-img":"","footer-sml-layout":"","ast-disable-related-posts":"","theme-transparent-header-meta":"default","adv-header-id-meta":"","stick-header-meta":"","header-above-stick-meta":"","header-main-stick-meta":"","header-below-stick-meta":"","astra-migrate-meta-layouts":"set","ast-page-background-enabled":"default","ast-page-background-meta":{"desktop":{"background-color":"var(--ast-global-color-5)","background-image":"","background-repeat":"repeat","background-position":"center center","background-size":"auto","background-attachment":"scroll","background-type":"","background-media":"","overlay-type":"","overlay-color":"","overlay-opacity":"","overlay-gradient":""},"tablet":{"background-color":"","background-image":"","background-repeat":"repeat","background-position":"center center","background-size":"auto","background-attachment":"scroll","background-type":"","background-media":"","overlay-type":"","overlay-color":"","overlay-opacity":"","overlay-gradient":""},"mobile":{"background-color":"","background-image":"","background-repeat":"repeat","background-position":"center center","background-size":"auto","background-attachment":"scroll","background-type":"","background-media":"","overlay-type":"","overlay-color":"","overlay-opacity":"","overlay-gradient":""}},"ast-content-background-meta":{"desktop":{"background-color":"var(--ast-global-color-4)","background-image":"","background-repeat":"repeat","background-position":"center center","background-size":"auto","background-attachment":"scroll","background-type":"","background-media":"","overlay-type":"","overlay-color":"","overlay-opacity":"","overlay-gradient":""},"tablet":{"background-color":"var(--ast-global-color-4)","background-image":"","background-repeat":"repeat","background-position":"center center","background-size":"auto","background-attachment":"scroll","background-type":"","background-media":"","overlay-type":"","overlay-color":"","overlay-opacity":"","overlay-gradient":""},"mobile":{"background-color":"var(--ast-global-color-4)","background-image":"","background-repeat":"repeat","background-position":"center center","background-size":"auto","background-attachment":"scroll","background-type":"","background-media":"","overlay-type":"","overlay-color":"","overlay-opacity":"","overlay-gradient":""}}},"product_brand":[],"product_cat":[25,26],"product_tag":[],"class_list":{"0":"post-712","1":"product","2":"type-product","3":"status-publish","4":"has-post-thumbnail","6":"product_cat-toppery","7":"product_cat-toppery-do-bukietow","8":"desktop-align-center","9":"tablet-align-left","10":"mobile-align-left","12":"first","13":"instock","14":"taxable","15":"shipping-taxable","16":"purchasable","17":"product-type-simple"},"jetpack_sharing_enabled":true,"_links":{"self":[{"href":"https:\/\/printbumble.com\/index.php?rest_route=\/wp\/v2\/product\/712","targetHints":{"allow":["GET"]}}],"collection":[{"href":"https:\/\/printbumble.com\/index.php?rest_route=\/wp\/v2\/product"}],"about":[{"href":"https:\/\/printbumble.com\/index.php?rest_route=\/wp\/v2\/types\/product"}],"replies":[{"embeddable":true,"href":"https:\/\/printbumble.com\/index.php?rest_route=%2Fwp%2Fv2%2Fcomments&post=712"}],"wp:featuredmedia":[{"embeddable":true,"href":"https:\/\/printbumble.com\/index.php?rest_route=\/wp\/v2\/media\/713"}],"wp:attachment":[{"href":"https:\/\/printbumble.com\/index.php?rest_route=%2Fwp%2Fv2%2Fmedia&parent=712"}],"wp:term":[{"taxonomy":"product_brand","embeddable":true,"href":"https:\/\/printbumble.com\/index.php?rest_route=%2Fwp%2Fv2%2Fproduct_brand&post=712"},{"taxonomy":"product_cat","embeddable":true,"href":"https:\/\/printbumble.com\/index.php?rest_route=%2Fwp%2Fv2%2Fproduct_cat&post=712"},{"taxonomy":"product_tag","embeddable":true,"href":"https:\/\/printbumble.com\/index.php?rest_route=%2Fwp%2Fv2%2Fproduct_tag&post=712"}],"curies":[{"name":"wp","href":"https:\/\/api.w.org\/{rel}","templated":true}]}}