{"id":1126,"date":"2026-02-25T17:35:51","date_gmt":"2026-02-25T16:35:51","guid":{"rendered":"https:\/\/printbumble.com\/?post_type=product&#038;p=1126"},"modified":"2026-03-18T09:58:09","modified_gmt":"2026-03-18T08:58:09","slug":"brelok-czaszka-dinozaura-3","status":"publish","type":"product","link":"https:\/\/printbumble.com\/?product=brelok-czaszka-dinozaura-3","title":{"rendered":"Brelok &#8211; czaszka dinozaura"},"content":{"rendered":"<p class=\"desc-p\">\ud83e\udd96 Brelok Dinozaur \u2013 Czaszka i Kr\u0119gos\u0142up | Unikalny brelok do kluczy<\/p>\n<p class=\"desc-p\">Oryginalny brelok przedstawiaj\u0105cy\u00a0<strong>czasz\u00adk\u0119 dinozaura z fragmentem kr\u0119gos\u0142upa<\/strong>. Nietypowy design przyci\u0105ga uwag\u0119 i \u015bwietnie sprawdzi si\u0119 jako dodatek do kluczy, plecaka lub torby. Idealny dla fan\u00f3w dinozaur\u00f3w, paleontologii oraz nietuzinkowych gad\u017cet\u00f3w.<\/p>\n<p class=\"desc-p\">\u2728 Cechy produktu:<\/p>\n<ul>\n<li>\n<p class=\"desc-p\">realistyczny wygl\u0105d czaszki dinozaura<\/p>\n<\/li>\n<li>\n<p class=\"desc-p\">solidne wykonanie<\/p>\n<\/li>\n<li>\n<p class=\"desc-p\">lekki i por\u0119czny<\/p>\n<\/li>\n<li>\n<p class=\"desc-p\">metalowe k\u00f3\u0142ko na klucze<\/p>\n<\/li>\n<li>\n<p class=\"desc-p\">unikalny, r\u0119kodzielniczy charakter<\/p>\n<\/li>\n<\/ul>\n<p>D\u0142ugo\u015b\u0107: 10 cm<\/p>\n","protected":false},"excerpt":{"rendered":"<p>\ud83e\udd96 Brelok Dinozaur \u2013 Czaszka i Kr\u0119gos\u0142up | Unikalny brelok do kluczy Oryginalny brelok przedstawiaj\u0105cy\u00a0czasz\u00adk\u0119 dinozaura z fragmentem kr\u0119gos\u0142upa. Nietypowy [&hellip;]<\/p>\n","protected":false},"featured_media":1127,"comment_status":"open","ping_status":"closed","template":"","meta":{"site-sidebar-layout":"default","site-content-layout":"","ast-site-content-layout":"default","site-content-style":"default","site-sidebar-style":"default","ast-global-header-display":"","ast-banner-title-visibility":"","ast-main-header-display":"","ast-hfb-above-header-display":"","ast-hfb-below-header-display":"","ast-hfb-mobile-header-display":"","site-post-title":"","ast-breadcrumbs-content":"","ast-featured-img":"","footer-sml-layout":"","ast-disable-related-posts":"","theme-transparent-header-meta":"default","adv-header-id-meta":"","stick-header-meta":"","header-above-stick-meta":"","header-main-stick-meta":"","header-below-stick-meta":"","astra-migrate-meta-layouts":"set","ast-page-background-enabled":"default","ast-page-background-meta":{"desktop":{"background-color":"var(--ast-global-color-5)","background-image":"","background-repeat":"repeat","background-position":"center center","background-size":"auto","background-attachment":"scroll","background-type":"","background-media":"","overlay-type":"","overlay-color":"","overlay-opacity":"","overlay-gradient":""},"tablet":{"background-color":"","background-image":"","background-repeat":"repeat","background-position":"center center","background-size":"auto","background-attachment":"scroll","background-type":"","background-media":"","overlay-type":"","overlay-color":"","overlay-opacity":"","overlay-gradient":""},"mobile":{"background-color":"","background-image":"","background-repeat":"repeat","background-position":"center center","background-size":"auto","background-attachment":"scroll","background-type":"","background-media":"","overlay-type":"","overlay-color":"","overlay-opacity":"","overlay-gradient":""}},"ast-content-background-meta":{"desktop":{"background-color":"var(--ast-global-color-4)","background-image":"","background-repeat":"repeat","background-position":"center center","background-size":"auto","background-attachment":"scroll","background-type":"","background-media":"","overlay-type":"","overlay-color":"","overlay-opacity":"","overlay-gradient":""},"tablet":{"background-color":"var(--ast-global-color-4)","background-image":"","background-repeat":"repeat","background-position":"center center","background-size":"auto","background-attachment":"scroll","background-type":"","background-media":"","overlay-type":"","overlay-color":"","overlay-opacity":"","overlay-gradient":""},"mobile":{"background-color":"var(--ast-global-color-4)","background-image":"","background-repeat":"repeat","background-position":"center center","background-size":"auto","background-attachment":"scroll","background-type":"","background-media":"","overlay-type":"","overlay-color":"","overlay-opacity":"","overlay-gradient":""}}},"product_brand":[],"product_cat":[21],"product_tag":[],"class_list":{"0":"post-1126","1":"product","2":"type-product","3":"status-publish","4":"has-post-thumbnail","6":"product_cat-breloczki","7":"desktop-align-center","8":"tablet-align-left","9":"mobile-align-left","11":"first","12":"instock","13":"taxable","14":"shipping-taxable","15":"purchasable","16":"product-type-simple"},"jetpack_sharing_enabled":true,"_links":{"self":[{"href":"https:\/\/printbumble.com\/index.php?rest_route=\/wp\/v2\/product\/1126","targetHints":{"allow":["GET"]}}],"collection":[{"href":"https:\/\/printbumble.com\/index.php?rest_route=\/wp\/v2\/product"}],"about":[{"href":"https:\/\/printbumble.com\/index.php?rest_route=\/wp\/v2\/types\/product"}],"replies":[{"embeddable":true,"href":"https:\/\/printbumble.com\/index.php?rest_route=%2Fwp%2Fv2%2Fcomments&post=1126"}],"wp:featuredmedia":[{"embeddable":true,"href":"https:\/\/printbumble.com\/index.php?rest_route=\/wp\/v2\/media\/1127"}],"wp:attachment":[{"href":"https:\/\/printbumble.com\/index.php?rest_route=%2Fwp%2Fv2%2Fmedia&parent=1126"}],"wp:term":[{"taxonomy":"product_brand","embeddable":true,"href":"https:\/\/printbumble.com\/index.php?rest_route=%2Fwp%2Fv2%2Fproduct_brand&post=1126"},{"taxonomy":"product_cat","embeddable":true,"href":"https:\/\/printbumble.com\/index.php?rest_route=%2Fwp%2Fv2%2Fproduct_cat&post=1126"},{"taxonomy":"product_tag","embeddable":true,"href":"https:\/\/printbumble.com\/index.php?rest_route=%2Fwp%2Fv2%2Fproduct_tag&post=1126"}],"curies":[{"name":"wp","href":"https:\/\/api.w.org\/{rel}","templated":true}]}}