{"id":22,"date":"2026-01-14T10:22:13","date_gmt":"2026-01-14T09:22:13","guid":{"rendered":"http:\/\/printbumble.com\/?page_id=22"},"modified":"2026-03-24T08:15:09","modified_gmt":"2026-03-24T07:15:09","slug":"kontakt","status":"publish","type":"page","link":"https:\/\/printbumble.com\/?page_id=22","title":{"rendered":"Kontakt"},"content":{"rendered":"\t\t<div data-elementor-type=\"wp-page\" data-elementor-id=\"22\" class=\"elementor elementor-22\">\n\t\t\t\t<div class=\"elementor-element elementor-element-9493889 e-con-full e-flex e-con e-parent\" data-id=\"9493889\" data-element_type=\"container\" data-settings=\"{&quot;background_background&quot;:&quot;classic&quot;}\">\n\t\t\t\t<div class=\"elementor-element elementor-element-f83dca6 elementor-widget elementor-widget-heading\" data-id=\"f83dca6\" data-element_type=\"widget\" data-widget_type=\"heading.default\">\n\t\t\t\t\t<h1 class=\"elementor-heading-title elementor-size-default\">Skontaktuj si\u0119 z nami<\/h1>\t\t\t\t<\/div>\n\t\t\t\t<div class=\"elementor-element elementor-element-5dfa4ed elementor-widget elementor-widget-heading\" data-id=\"5dfa4ed\" data-element_type=\"widget\" data-widget_type=\"heading.default\">\n\t\t\t\t\t<h3 class=\"elementor-heading-title elementor-size-default\">Masz pytanie, pomys\u0142 albo nie wiesz, czy druk 3D to dobre rozwi\u0105zanie?\nNapisz \u2014 odpowiemy po ludzku i bez zobowi\u0105za\u0144.<\/h3>\t\t\t\t<\/div>\n\t\t\t\t<\/div>\n\t\t<div class=\"elementor-element elementor-element-419557b e-flex e-con-boxed e-con e-parent\" data-id=\"419557b\" data-element_type=\"container\" data-settings=\"{&quot;background_background&quot;:&quot;classic&quot;}\">\n\t\t\t\t\t<div class=\"e-con-inner\">\n\t\t\t\t<div class=\"elementor-element elementor-element-5c67e44 elementor-widget elementor-widget-heading\" data-id=\"5c67e44\" data-element_type=\"widget\" data-widget_type=\"heading.default\">\n\t\t\t\t\t<h2 class=\"elementor-heading-title elementor-size-default\">Jak najlepiej si\u0119 z nami skontaktowa\u0107?<\/h2>\t\t\t\t<\/div>\n\t\t<div class=\"elementor-element elementor-element-b6c7656 e-con-full e-flex e-con e-child\" data-id=\"b6c7656\" data-element_type=\"container\">\n\t\t<div class=\"elementor-element elementor-element-cb2de68 e-con-full e-flex e-con e-child\" data-id=\"cb2de68\" data-element_type=\"container\">\n\t\t\t\t<div class=\"elementor-element elementor-element-f6e51f5 elementor-widget__width-initial elementor-widget elementor-widget-image\" data-id=\"f6e51f5\" data-element_type=\"widget\" data-widget_type=\"image.default\">\n\t\t\t\t\t\t\t\t\t\t\t\t\t\t\t<img fetchpriority=\"high\" decoding=\"async\" width=\"683\" height=\"1024\" src=\"https:\/\/printbumble.com\/wp-content\/uploads\/2026\/02\/ChatGPT-Image-9-lut-2026-16_34_04-683x1024.jpg\" class=\"attachment-large size-large wp-image-677\" alt=\"Kontakt\" srcset=\"https:\/\/printbumble.com\/wp-content\/uploads\/2026\/02\/ChatGPT-Image-9-lut-2026-16_34_04-683x1024.jpg 683w, https:\/\/printbumble.com\/wp-content\/uploads\/2026\/02\/ChatGPT-Image-9-lut-2026-16_34_04-200x300.jpg 200w, https:\/\/printbumble.com\/wp-content\/uploads\/2026\/02\/ChatGPT-Image-9-lut-2026-16_34_04-768x1152.jpg 768w, https:\/\/printbumble.com\/wp-content\/uploads\/2026\/02\/ChatGPT-Image-9-lut-2026-16_34_04-600x900.jpg 600w, https:\/\/printbumble.com\/wp-content\/uploads\/2026\/02\/ChatGPT-Image-9-lut-2026-16_34_04.jpg 800w\" sizes=\"(max-width: 683px) 100vw, 683px\" \/>\t\t\t\t\t\t\t\t\t\t\t\t\t\t\t<\/div>\n\t\t\t\t<\/div>\n\t\t<div class=\"elementor-element elementor-element-537d5f5 e-con-full e-flex e-con e-child\" data-id=\"537d5f5\" data-element_type=\"container\">\n\t\t\t\t<div class=\"elementor-element elementor-element-86abae4 elementor-widget elementor-widget-text-editor\" data-id=\"86abae4\" data-element_type=\"widget\" data-widget_type=\"text-editor.default\">\n\t\t\t\t\t\t\t\t\t<ul><li data-start=\"801\" data-end=\"855\"><p data-start=\"803\" data-end=\"855\">\ud83d\udce9 <strong data-start=\"806\" data-end=\"830\">Formularz kontaktowy<\/strong> (poni\u017cej)<\/p><\/li><li data-start=\"856\" data-end=\"897\"><p data-start=\"858\" data-end=\"897\">\ud83d\udce7 <strong data-start=\"861\" data-end=\"872\">E-mail:<\/strong> <a class=\"decorated-link cursor-pointer\" rel=\"noopener\" data-start=\"873\" data-end=\"895\">kontakt@printbumble.com<\/a><\/p><\/li><li data-start=\"898\" data-end=\"962\"><p data-start=\"900\" data-end=\"962\">\ud83d\udcac <strong data-start=\"903\" data-end=\"919\">Social media<\/strong> \u2013\u00a0 Facebook (najszybsza odpowied\u017a, lu\u017aniejsze sprawy)<\/p><\/li><\/ul>\t\t\t\t\t\t\t\t<\/div>\n\t\t\t\t<\/div>\n\t\t\t\t<\/div>\n\t\t\t\t\t<\/div>\n\t\t\t\t<\/div>\n\t\t<div class=\"elementor-element elementor-element-8f410f2 e-flex e-con-boxed e-con e-parent\" data-id=\"8f410f2\" data-element_type=\"container\" data-settings=\"{&quot;background_background&quot;:&quot;classic&quot;}\">\n\t\t\t\t\t<div class=\"e-con-inner\">\n\t\t<div class=\"elementor-element elementor-element-3a108ff e-con-full e-flex e-con e-child\" data-id=\"3a108ff\" data-element_type=\"container\">\n\t\t\t\t<div class=\"elementor-element elementor-element-46c932c elementor-widget elementor-widget-heading\" data-id=\"46c932c\" data-element_type=\"widget\" data-widget_type=\"heading.default\">\n\t\t\t\t\t<h2 class=\"elementor-heading-title elementor-size-default\">Dane kontaktowe<\/h2>\t\t\t\t<\/div>\n\t\t\t\t<div class=\"elementor-element elementor-element-59002f9 elementor-widget elementor-widget-text-editor\" data-id=\"59002f9\" data-element_type=\"widget\" data-widget_type=\"text-editor.default\">\n\t\t\t\t\t\t\t\t\t<ul><li data-start=\"857\" data-end=\"900\"><p data-start=\"859\" data-end=\"900\"><strong data-start=\"859\" data-end=\"870\">E-mail:<\/strong><br data-start=\"870\" data-end=\"873\" \/><a class=\"decorated-link cursor-pointer\" rel=\"noopener\" data-start=\"875\" data-end=\"898\">kontakt@printbumble.com<\/a><\/p><\/li><li><strong data-start=\"859\" data-end=\"870\">Telefon:<\/strong><br data-start=\"870\" data-end=\"873\" \/>786 148 128<\/li><li data-start=\"963\" data-end=\"1024\"><p data-start=\"965\" data-end=\"1024\"><strong data-start=\"965\" data-end=\"986\">Godziny kontaktu:<\/strong><br data-start=\"986\" data-end=\"989\" \/>poniedzia\u0142ek\u2013pi\u0105tek, 9:00\u201317:00<\/p><\/li><li data-start=\"1026\" data-end=\"1082\"><p data-start=\"1028\" data-end=\"1082\"><strong data-start=\"1028\" data-end=\"1044\">Adres do korespondencji \/ dor\u0119cze\u0144:<\/strong><br data-start=\"1044\" data-end=\"1047\" \/>Rolnicza 10, 56-330 Cieszk\u00f3w<\/p><\/li><\/ul>\t\t\t\t\t\t\t\t<\/div>\n\t\t\t\t<div class=\"elementor-element elementor-element-d13ee83 elementor-widget elementor-widget-image\" data-id=\"d13ee83\" data-element_type=\"widget\" data-widget_type=\"image.default\">\n\t\t\t\t\t\t\t\t\t\t\t\t\t\t\t<img decoding=\"async\" width=\"200\" height=\"300\" src=\"https:\/\/printbumble.com\/wp-content\/uploads\/2026\/01\/PrintBumbleLogo-200x300.png\" class=\"attachment-medium size-medium wp-image-29\" alt=\"\" srcset=\"https:\/\/printbumble.com\/wp-content\/uploads\/2026\/01\/PrintBumbleLogo-200x300.png 200w, https:\/\/printbumble.com\/wp-content\/uploads\/2026\/01\/PrintBumbleLogo-683x1024.png 683w, https:\/\/printbumble.com\/wp-content\/uploads\/2026\/01\/PrintBumbleLogo-768x1152.png 768w, https:\/\/printbumble.com\/wp-content\/uploads\/2026\/01\/PrintBumbleLogo-600x900.png 600w, https:\/\/printbumble.com\/wp-content\/uploads\/2026\/01\/PrintBumbleLogo.png 1024w\" sizes=\"(max-width: 200px) 100vw, 200px\" \/>\t\t\t\t\t\t\t\t\t\t\t\t\t\t\t<\/div>\n\t\t\t\t<\/div>\n\t\t<div class=\"elementor-element elementor-element-aac4f80 e-con-full e-flex e-con e-child\" data-id=\"aac4f80\" data-element_type=\"container\">\n\t\t\t\t<div class=\"elementor-element elementor-element-d8e5b8f elementor-widget elementor-widget-heading\" data-id=\"d8e5b8f\" data-element_type=\"widget\" data-widget_type=\"heading.default\">\n\t\t\t\t\t<h2 class=\"elementor-heading-title elementor-size-default\">Szybki kontakt<\/h2>\t\t\t\t<\/div>\n\t\t\t\t<div class=\"elementor-element elementor-element-33baad0 elementor-widget elementor-widget-text-editor\" data-id=\"33baad0\" data-element_type=\"widget\" data-widget_type=\"text-editor.default\">\n\t\t\t\t\t\t\t\t\t<p>Je\u015bli masz og\u00f3lne pytanie lub nie jeste\u015b pewien, od czego zacz\u0105\u0107 \u2014 napisz.<\/p>\t\t\t\t\t\t\t\t<\/div>\n\t\t\t\t<div class=\"elementor-element elementor-element-1c04421 elementor-widget elementor-widget-shortcode\" data-id=\"1c04421\" data-element_type=\"widget\" data-widget_type=\"shortcode.default\">\n\t\t\t\t\t\t\t<div class=\"elementor-shortcode\">\n<div class=\"wpcf7 no-js\" id=\"wpcf7-f216-o1\" lang=\"pl-PL\" dir=\"ltr\" data-wpcf7-id=\"216\">\n<div class=\"screen-reader-response\"><p role=\"status\" aria-live=\"polite\" aria-atomic=\"true\"><\/p> <ul><\/ul><\/div>\n<form action=\"\/index.php?rest_route=%2Fwp%2Fv2%2Fpages%2F22#wpcf7-f216-o1\" method=\"post\" class=\"wpcf7-form init\" aria-label=\"Formularz kontaktowy\" novalidate=\"novalidate\" data-status=\"init\">\n<fieldset class=\"hidden-fields-container\"><input type=\"hidden\" name=\"_wpcf7\" value=\"216\" \/><input type=\"hidden\" name=\"_wpcf7_version\" value=\"6.1.5\" \/><input type=\"hidden\" name=\"_wpcf7_locale\" value=\"pl_PL\" \/><input type=\"hidden\" name=\"_wpcf7_unit_tag\" value=\"wpcf7-f216-o1\" \/><input type=\"hidden\" name=\"_wpcf7_container_post\" value=\"0\" \/><input type=\"hidden\" name=\"_wpcf7_posted_data_hash\" value=\"\" \/>\n<\/fieldset>\n<p><label> Twoje imi\u0119<br \/>\n<span class=\"wpcf7-form-control-wrap\" data-name=\"your-name\"><input size=\"40\" maxlength=\"400\" class=\"wpcf7-form-control wpcf7-text wpcf7-validates-as-required\" autocomplete=\"name\" aria-required=\"true\" aria-invalid=\"false\" value=\"\" type=\"text\" name=\"your-name\" \/><\/span> <\/label>\n<\/p>\n<p><label> Tw\u00f3j adres e-mail<br \/>\n<span class=\"wpcf7-form-control-wrap\" data-name=\"your-email\"><input size=\"40\" maxlength=\"400\" class=\"wpcf7-form-control wpcf7-email wpcf7-validates-as-required wpcf7-text wpcf7-validates-as-email\" autocomplete=\"email\" aria-required=\"true\" aria-invalid=\"false\" value=\"\" type=\"email\" name=\"your-email\" \/><\/span> <\/label>\n<\/p>\n<p><label> Twoja wiadomo\u015bci<br \/>\n<span class=\"wpcf7-form-control-wrap\" data-name=\"your-message\"><textarea cols=\"40\" rows=\"10\" maxlength=\"1000\" class=\"wpcf7-form-control wpcf7-textarea\" aria-invalid=\"false\" name=\"your-message\"><\/textarea><\/span> <\/label>\n<\/p>\n<p><input class=\"wpcf7-form-control wpcf7-submit has-spinner\" type=\"submit\" value=\"Wy\u015blij\" \/>\n<\/p>\n<p><label>Odpowiadamy zazwyczaj w ci\u0105gu 24h w dni robocze.<\/label>\n<\/p><div class=\"wpcf7-response-output\" aria-hidden=\"true\"><\/div>\n<\/form>\n<\/div>\n<\/div>\n\t\t\t\t\t\t<\/div>\n\t\t\t\t<\/div>\n\t\t\t\t\t<\/div>\n\t\t\t\t<\/div>\n\t\t<div class=\"elementor-element elementor-element-9d59ff1 e-flex e-con-boxed e-con e-parent\" data-id=\"9d59ff1\" data-element_type=\"container\" data-settings=\"{&quot;background_background&quot;:&quot;classic&quot;}\">\n\t\t\t\t\t<div class=\"e-con-inner\">\n\t\t\t\t<div class=\"elementor-element elementor-element-cf4ec3a elementor-widget elementor-widget-heading\" data-id=\"cf4ec3a\" data-element_type=\"widget\" data-widget_type=\"heading.default\">\n\t\t\t\t\t<h2 class=\"elementor-heading-title elementor-size-default\">Znajdziesz nas r\u00f3wnie\u017c tutaj<\/h2>\t\t\t\t<\/div>\n\t\t<div class=\"elementor-element elementor-element-4de28a9 e-con-full e-flex e-con e-child\" data-id=\"4de28a9\" data-element_type=\"container\">\n\t\t\t\t<div class=\"elementor-element elementor-element-fe53365 elementor-shape-rounded elementor-grid-0 e-grid-align-center elementor-widget elementor-widget-social-icons\" data-id=\"fe53365\" data-element_type=\"widget\" data-widget_type=\"social-icons.default\">\n\t\t\t\t\t\t\t<div class=\"elementor-social-icons-wrapper elementor-grid\" role=\"list\">\n\t\t\t\t\t\t\t<span class=\"elementor-grid-item\" role=\"listitem\">\n\t\t\t\t\t<a class=\"elementor-icon elementor-social-icon elementor-social-icon-facebook elementor-repeater-item-a1a597b\" href=\"https:\/\/www.facebook.com\/profile.php?id=61577832464351&#038;locale=pl_PL\" target=\"_blank\" rel=\"noopener\">\n\t\t\t\t\t\t<span class=\"elementor-screen-only\">Facebook<\/span>\n\t\t\t\t\t\t<svg aria-hidden=\"true\" class=\"e-font-icon-svg e-fab-facebook\" viewBox=\"0 0 512 512\" xmlns=\"http:\/\/www.w3.org\/2000\/svg\"><path d=\"M504 256C504 119 393 8 256 8S8 119 8 256c0 123.78 90.69 226.38 209.25 245V327.69h-63V256h63v-54.64c0-62.15 37-96.48 93.67-96.48 27.14 0 55.52 4.84 55.52 4.84v61h-31.28c-30.8 0-40.41 19.12-40.41 38.73V256h68.78l-11 71.69h-57.78V501C413.31 482.38 504 379.78 504 256z\"><\/path><\/svg>\t\t\t\t\t<\/a>\n\t\t\t\t<\/span>\n\t\t\t\t\t\t\t<span class=\"elementor-grid-item\" role=\"listitem\">\n\t\t\t\t\t<a class=\"elementor-icon elementor-social-icon elementor-social-icon-tiktok elementor-repeater-item-9357694\" target=\"_blank\">\n\t\t\t\t\t\t<span class=\"elementor-screen-only\">Tiktok<\/span>\n\t\t\t\t\t\t<svg aria-hidden=\"true\" class=\"e-font-icon-svg e-fab-tiktok\" viewBox=\"0 0 448 512\" xmlns=\"http:\/\/www.w3.org\/2000\/svg\"><path d=\"M448,209.91a210.06,210.06,0,0,1-122.77-39.25V349.38A162.55,162.55,0,1,1,185,188.31V278.2a74.62,74.62,0,1,0,52.23,71.18V0l88,0a121.18,121.18,0,0,0,1.86,22.17h0A122.18,122.18,0,0,0,381,102.39a121.43,121.43,0,0,0,67,20.14Z\"><\/path><\/svg>\t\t\t\t\t<\/a>\n\t\t\t\t<\/span>\n\t\t\t\t\t\t\t<span class=\"elementor-grid-item\" role=\"listitem\">\n\t\t\t\t\t<a class=\"elementor-icon elementor-social-icon elementor-social-icon-instagram elementor-repeater-item-387f8e2\" href=\"https:\/\/www.instagram.com\/printbumble\/\" target=\"_blank\" rel=\"noopener\">\n\t\t\t\t\t\t<span class=\"elementor-screen-only\">Instagram<\/span>\n\t\t\t\t\t\t<svg aria-hidden=\"true\" class=\"e-font-icon-svg e-fab-instagram\" viewBox=\"0 0 448 512\" xmlns=\"http:\/\/www.w3.org\/2000\/svg\"><path d=\"M224.1 141c-63.6 0-114.9 51.3-114.9 114.9s51.3 114.9 114.9 114.9S339 319.5 339 255.9 287.7 141 224.1 141zm0 189.6c-41.1 0-74.7-33.5-74.7-74.7s33.5-74.7 74.7-74.7 74.7 33.5 74.7 74.7-33.6 74.7-74.7 74.7zm146.4-194.3c0 14.9-12 26.8-26.8 26.8-14.9 0-26.8-12-26.8-26.8s12-26.8 26.8-26.8 26.8 12 26.8 26.8zm76.1 27.2c-1.7-35.9-9.9-67.7-36.2-93.9-26.2-26.2-58-34.4-93.9-36.2-37-2.1-147.9-2.1-184.9 0-35.8 1.7-67.6 9.9-93.9 36.1s-34.4 58-36.2 93.9c-2.1 37-2.1 147.9 0 184.9 1.7 35.9 9.9 67.7 36.2 93.9s58 34.4 93.9 36.2c37 2.1 147.9 2.1 184.9 0 35.9-1.7 67.7-9.9 93.9-36.2 26.2-26.2 34.4-58 36.2-93.9 2.1-37 2.1-147.8 0-184.8zM398.8 388c-7.8 19.6-22.9 34.7-42.6 42.6-29.5 11.7-99.5 9-132.1 9s-102.7 2.6-132.1-9c-19.6-7.8-34.7-22.9-42.6-42.6-11.7-29.5-9-99.5-9-132.1s-2.6-102.7 9-132.1c7.8-19.6 22.9-34.7 42.6-42.6 29.5-11.7 99.5-9 132.1-9s102.7-2.6 132.1 9c19.6 7.8 34.7 22.9 42.6 42.6 11.7 29.5 9 99.5 9 132.1s2.7 102.7-9 132.1z\"><\/path><\/svg>\t\t\t\t\t<\/a>\n\t\t\t\t<\/span>\n\t\t\t\t\t<\/div>\n\t\t\t\t\t\t<\/div>\n\t\t\t\t<\/div>\n\t\t\t\t\t<\/div>\n\t\t\t\t<\/div>\n\t\t<div class=\"elementor-element elementor-element-f00d44d e-flex e-con-boxed e-con e-parent\" data-id=\"f00d44d\" data-element_type=\"container\" data-settings=\"{&quot;background_background&quot;:&quot;classic&quot;}\">\n\t\t\t\t\t<div class=\"e-con-inner\">\n\t\t\t\t<div class=\"elementor-element elementor-element-df78884 elementor-widget elementor-widget-heading\" data-id=\"df78884\" data-element_type=\"widget\" data-widget_type=\"heading.default\">\n\t\t\t\t\t<h2 class=\"elementor-heading-title elementor-size-default\">Szukasz druku 3D na zam\u00f3wienie ?<\/h2>\t\t\t\t<\/div>\n\t\t\t\t<div class=\"elementor-element elementor-element-85c61ea elementor-widget elementor-widget-text-editor\" data-id=\"85c61ea\" data-element_type=\"widget\" data-widget_type=\"text-editor.default\">\n\t\t\t\t\t\t\t\t\t<p>Je\u015bli masz gotowy plik lub pomys\u0142 na wydruk \u2014 przejd\u017a do formularza wyceny.<br data-start=\"1946\" data-end=\"1949\" \/>Wycena jest darmowa, bez zobowi\u0105za\u0144.<\/p>\t\t\t\t\t\t\t\t<\/div>\n\t\t\t\t<div class=\"elementor-element elementor-element-ea368fd elementor-widget elementor-widget-button\" data-id=\"ea368fd\" data-element_type=\"widget\" data-widget_type=\"button.default\">\n\t\t\t\t\t\t\t\t\t\t<a class=\"elementor-button elementor-button-link elementor-size-sm elementor-animation-grow\" href=\"https:\/\/printbumble.com\/?page_id=20\">\n\t\t\t\t\t\t<span class=\"elementor-button-content-wrapper\">\n\t\t\t\t\t\t\t\t\t<span class=\"elementor-button-text\">Przejd\u017a do wyceny druku 3D<\/span>\n\t\t\t\t\t<\/span>\n\t\t\t\t\t<\/a>\n\t\t\t\t\t\t\t\t<\/div>\n\t\t\t\t<div class=\"elementor-element elementor-element-289052c elementor-widget elementor-widget-text-editor\" data-id=\"289052c\" data-element_type=\"widget\" data-widget_type=\"text-editor.default\">\n\t\t\t\t\t\t\t\t\t<p>Lub sprawd\u017a nasz\u00a0<a href=\"https:\/\/printbumble.com\/?page_id=5\">Sklep 3D<\/a><\/p>\t\t\t\t\t\t\t\t<\/div>\n\t\t\t\t\t<\/div>\n\t\t\t\t<\/div>\n\t\t\t\t<\/div>\n\t\t","protected":false},"excerpt":{"rendered":"<p>Skontaktuj si\u0119 z nami Masz pytanie, pomys\u0142 albo nie wiesz, czy druk 3D to dobre rozwi\u0105zanie? Napisz \u2014 odpowiemy po [&hellip;]<\/p>\n","protected":false},"author":1,"featured_media":0,"parent":0,"menu_order":0,"comment_status":"closed","ping_status":"closed","template":"","meta":{"site-sidebar-layout":"no-sidebar","site-content-layout":"","ast-site-content-layout":"full-width-container","site-content-style":"default","site-sidebar-style":"default","ast-global-header-display":"","ast-banner-title-visibility":"","ast-main-header-display":"","ast-hfb-above-header-display":"","ast-hfb-below-header-display":"","ast-hfb-mobile-header-display":"","site-post-title":"","ast-breadcrumbs-content":"","ast-featured-img":"disabled","footer-sml-layout":"","ast-disable-related-posts":"","theme-transparent-header-meta":"","adv-header-id-meta":"","stick-header-meta":"","header-above-stick-meta":"","header-main-stick-meta":"","header-below-stick-meta":"","astra-migrate-meta-layouts":"default","ast-page-background-enabled":"default","ast-page-background-meta":{"desktop":{"background-color":"var(--ast-global-color-5)","background-image":"","background-repeat":"repeat","background-position":"center center","background-size":"auto","background-attachment":"scroll","background-type":"","background-media":"","overlay-type":"","overlay-color":"","overlay-opacity":"","overlay-gradient":""},"tablet":{"background-color":"","background-image":"","background-repeat":"repeat","background-position":"center center","background-size":"auto","background-attachment":"scroll","background-type":"","background-media":"","overlay-type":"","overlay-color":"","overlay-opacity":"","overlay-gradient":""},"mobile":{"background-color":"","background-image":"","background-repeat":"repeat","background-position":"center center","background-size":"auto","background-attachment":"scroll","background-type":"","background-media":"","overlay-type":"","overlay-color":"","overlay-opacity":"","overlay-gradient":""}},"ast-content-background-meta":{"desktop":{"background-color":"var(--ast-global-color-4)","background-image":"","background-repeat":"repeat","background-position":"center center","background-size":"auto","background-attachment":"scroll","background-type":"","background-media":"","overlay-type":"","overlay-color":"","overlay-opacity":"","overlay-gradient":""},"tablet":{"background-color":"var(--ast-global-color-4)","background-image":"","background-repeat":"repeat","background-position":"center center","background-size":"auto","background-attachment":"scroll","background-type":"","background-media":"","overlay-type":"","overlay-color":"","overlay-opacity":"","overlay-gradient":""},"mobile":{"background-color":"var(--ast-global-color-4)","background-image":"","background-repeat":"repeat","background-position":"center center","background-size":"auto","background-attachment":"scroll","background-type":"","background-media":"","overlay-type":"","overlay-color":"","overlay-opacity":"","overlay-gradient":""}},"footnotes":""},"class_list":["post-22","page","type-page","status-publish","hentry"],"jetpack_sharing_enabled":true,"_links":{"self":[{"href":"https:\/\/printbumble.com\/index.php?rest_route=\/wp\/v2\/pages\/22","targetHints":{"allow":["GET"]}}],"collection":[{"href":"https:\/\/printbumble.com\/index.php?rest_route=\/wp\/v2\/pages"}],"about":[{"href":"https:\/\/printbumble.com\/index.php?rest_route=\/wp\/v2\/types\/page"}],"author":[{"embeddable":true,"href":"https:\/\/printbumble.com\/index.php?rest_route=\/wp\/v2\/users\/1"}],"replies":[{"embeddable":true,"href":"https:\/\/printbumble.com\/index.php?rest_route=%2Fwp%2Fv2%2Fcomments&post=22"}],"version-history":[{"count":58,"href":"https:\/\/printbumble.com\/index.php?rest_route=\/wp\/v2\/pages\/22\/revisions"}],"predecessor-version":[{"id":1170,"href":"https:\/\/printbumble.com\/index.php?rest_route=\/wp\/v2\/pages\/22\/revisions\/1170"}],"wp:attachment":[{"href":"https:\/\/printbumble.com\/index.php?rest_route=%2Fwp%2Fv2%2Fmedia&parent=22"}],"curies":[{"name":"wp","href":"https:\/\/api.w.org\/{rel}","templated":true}]}}